{"id":379,"date":"2020-03-05T20:29:20","date_gmt":"2020-03-05T20:29:20","guid":{"rendered":"https:\/\/alternativamendrisio.ch\/index.php\/rivista-copy\/"},"modified":"2025-12-17T21:14:15","modified_gmt":"2025-12-17T21:14:15","slug":"chi-siamo","status":"publish","type":"page","link":"https:\/\/alternativamendrisio.ch\/index.php\/chi-siamo\/","title":{"rendered":"Chi siamo"},"content":{"rendered":"<!--themify_builder_content-->\n<div id=\"themify_builder_content-379\" data-postid=\"379\" class=\"themify_builder_content themify_builder_content-379 themify_builder tf_clear\">\n                    <div  data-css_id=\"7ceh125\" data-lazy=\"1\" class=\"module_row themify_builder_row fullwidth tb_7ceh125 tb_first tf_w\">\n                        <div class=\"row_inner col_align_top tb_col_count_1 tf_box tf_rel\">\n                        <div  data-lazy=\"1\" class=\"module_column tb-column col-full tb_b1g4127 first\">\n                            <div  data-lazy=\"1\" class=\"module_subrow themify_builder_sub_row tf_w col_align_top tb_col_count_1 tb_w97p127\">\n                <div  data-lazy=\"1\" class=\"module_column sub_column col-full tb_e3xg128 first\">\n                    <!-- module image -->\n<div  class=\"module module-image tb_0q34128 image-top   tf_mw wow\" data-tf-animation=\"slideInLeft\" data-lazy=\"1\">\n        <div class=\"image-wrap tf_rel tf_mw\">\n            <img loading=\"lazy\" decoding=\"async\" width=\"533\" height=\"298\" src=\"https:\/\/alternativamendrisio.ch\/wp-content\/uploads\/2021\/01\/chi-siamo.png\" class=\"wp-post-image wp-image-1369\" title=\"chi-siamo\" alt=\"chi-siamo\" srcset=\"https:\/\/alternativamendrisio.ch\/wp-content\/uploads\/2021\/01\/chi-siamo.png 533w, https:\/\/alternativamendrisio.ch\/wp-content\/uploads\/2021\/01\/chi-siamo-300x168.png 300w\" sizes=\"auto, (max-width: 533px) 100vw, 533px\" \/>    \n        <\/div>\n    <!-- \/image-wrap -->\n    \n        <\/div>\n<!-- \/module image -->        <\/div>\n                    <\/div>\n                <\/div>\n                        <\/div>\n        <\/div>\n                        <div  data-css_id=\"11qu125\" data-lazy=\"1\" class=\"module_row themify_builder_row fullwidth tb_11qu125 tf_w\">\n                        <div class=\"row_inner col_align_top tb_col_count_1 tf_box tf_rel\">\n                        <div  data-lazy=\"1\" class=\"module_column tb-column col-full tb_wb2v130 first\">\n                    <!-- module text -->\n<div  class=\"module module-text tb_pque130   \" data-lazy=\"1\">\n    <h3 class=\"module-title\">L\u2019ALTERNATIVA \u2013 VERDI E SINISTRA INSIEME<\/h3>    <div  class=\"tb_text_wrap\">\n        <h6 class=\"p1\"><b>L\u2019AlternativA \u2013 Verdi e Sinistra Insieme<br \/><\/b><b>per una citt\u00e0 aperta e solidale<\/b><\/h6>\n<p class=\"p1\"><span class=\"s1\">Ambiente, territorio, socialit\u00e0, lavoro, cultura e pari opportunit\u00e0: l\u2019AlternativA \u2013 che si richiama a due grandi movimenti sociali quali lo sciopero delle donne e <\/span>le mobilitazioni per il clima <span class=\"s1\">\u2013 propone un programma di 7 punti che offre una visione diversa da tutte le altre che coniuga diritti sociali e diritti ambientali.<\/span><\/p>\n<p class=\"p1\"><span class=\"s1\">\u201cL\u2019ambientalismo senza lotta di classe \u00e8 giardinaggio\u201d, diceva il sindacalista ed attivista brasiliano Chico Mendes; non si pu\u00f2 solo difendere l\u2019ambiente senza mettere in discussione un sistema produttivo che da una parte saccheggia le risorse naturali e, dall\u2019altra, crea sempre maggiori disuguaglianze. Purtroppo, ci\u00f2 si verifica anche alle nostre latitudini: precariet\u00e0, dumping salariale e sociale e discriminazione di genere accompagnano cementificazione, erosione del suolo, livelli di inquinamento atmosferico oltre le soglie e traffico da record. Affinch\u00e9 non siano i ceti sociali pi\u00f9 bassi e le nuove generazioni a pagare le conseguenze di questo sistema economico basato sulla crescita infinita, bisogna adottare una visione diversa, ecologicamente pi\u00f9 efficace e socialmente pi\u00f9 giusta. Ambiente e territorio, mobilit\u00e0, cultura, amministrazione e finanze, economia ed energia, quartieri, sanit\u00e0 e socialit\u00e0: l\u2019AlternativA promuove la costruzione di un futuro pi\u00f9 equo e solidale per tutti, basato su uno sviluppo sostenibile rigoroso. Questa alleanza si prefigge, unendo tutte le forze progressiste di Mendrisio, di offrire agli elettori e alle elettrici una scelta politica basata su un\u2019idea alternativa, appunto. Lontana da logore logiche di potere, l\u2019AlternativA si rivolge a tutti coloro che desiderano per Mendrisio una Citt\u00e0 attenta alla qualit\u00e0 della vita e ai bisogni di tutti i suoi abitanti.<\/span><\/p>\n<h6>\u00a0<\/h6>\n<h6 class=\"p1\"><b><\/b><b>La ripartenza dopo dal Covid 19<\/b><\/h6>\n<p><span class=\"s1\">L\u2019Alternativa ritiene importante considerare l\u2019impatto del Covid-19 sul tessuto sociale ed economico. Depressione, solitudine, emarginazione, difficolt\u00e0 finanziarie hanno colpito una fascia significativa della popolazione. Perci\u00f2 \u00e8 importante rafforzare le risposte alla popolazione assicurando al Comune i mezzi adeguati. Occorre infondere nella popolazione sentimenti di speranza e coraggio. Per risollevarsi dopo un dolore, una malattia, un lutto, la perdita del lavoro. I dati sono impietosi. E, al di l\u00e0 della loro crudezza, servono risposte politiche. Anche il 2023 \u00e8 iniziato <\/span>con chiari segnali di una maggiore fragilit\u00e0 della popolazione. Nei primi 4 mesi dell\u2019anno, l\u2019antenna sociale ha gestito parecchie nuove segnalazioni: si tratta soprattutto di \u2018working poor\u2019, persone sole, famiglie monoparentali ed economie domestiche con pi\u00f9 persone.\u00a0\u00c8 importante poter offrire un aiuto rapido a chi \u00e8 nell\u2019indigenza. Bisogna ragionare in ottica preventiva intercettando prima chi \u00e8 in difficolt\u00e0, anche per informare tutti\/e sulla rete di aiuti locale\u00bb. Non sempre i cittadini chiedono aiuto, anche se ne avrebbero diritto.<\/p>\n<p class=\"p1\"><span class=\"s1\">Secondo l\u2019AlternativA occorre agire sostanzialmente su due piani: sociale ed economico. il Comune deve farsi promotore di aiuti concreti per le persone pi\u00f9 vulnerabili.\u00a0<\/span><span class=\"apple-converted-space\">\u00a0<\/span><span class=\"s1\">Il sostegno alla popolazione anziana va rafforzato aumentando le visite a domicilio e le possibilit\u00e0 di contatti con una rete di volontari\/e. Ugualmente importante promuovere gruppi di aiuto per genitori, famiglie monoparentali e persone sole che, mancando occasioni di incontro, escono dalla rete sociale.<\/span><br \/><span class=\"s1\">Un occhio di riguardo va sicuramente garantito ai\/alle giovani e alle persone espulse dal mercato del lavoro, accompagnandole nel reinserimento professionale.<\/span><\/p>    <\/div>\n<\/div>\n<!-- \/module text -->        <\/div>\n                        <\/div>\n        <\/div>\n        <\/div>\n<!--\/themify_builder_content-->","protected":false},"excerpt":{"rendered":"<p>L\u2019AlternativA \u2013 Verdi e Sinistra Insiemeper una citt\u00e0 aperta e solidale Ambiente, territorio, socialit\u00e0, lavoro, cultura e pari opportunit\u00e0: l\u2019AlternativA \u2013 che si richiama a due grandi movimenti sociali quali lo sciopero delle donne e le mobilitazioni per il clima \u2013 propone un programma di 7 punti che offre una visione diversa da tutte le [&hellip;]<\/p>\n","protected":false},"author":1,"featured_media":0,"parent":0,"menu_order":0,"comment_status":"closed","ping_status":"closed","template":"","meta":{"footnotes":""},"class_list":["post-379","page","type-page","status-publish","hentry","has-post-title","has-post-date","has-post-category","has-post-tag","has-post-comment","has-post-author",""],"_links":{"self":[{"href":"https:\/\/alternativamendrisio.ch\/index.php\/wp-json\/wp\/v2\/pages\/379","targetHints":{"allow":["GET"]}}],"collection":[{"href":"https:\/\/alternativamendrisio.ch\/index.php\/wp-json\/wp\/v2\/pages"}],"about":[{"href":"https:\/\/alternativamendrisio.ch\/index.php\/wp-json\/wp\/v2\/types\/page"}],"author":[{"embeddable":true,"href":"https:\/\/alternativamendrisio.ch\/index.php\/wp-json\/wp\/v2\/users\/1"}],"replies":[{"embeddable":true,"href":"https:\/\/alternativamendrisio.ch\/index.php\/wp-json\/wp\/v2\/comments?post=379"}],"version-history":[{"count":32,"href":"https:\/\/alternativamendrisio.ch\/index.php\/wp-json\/wp\/v2\/pages\/379\/revisions"}],"predecessor-version":[{"id":2445,"href":"https:\/\/alternativamendrisio.ch\/index.php\/wp-json\/wp\/v2\/pages\/379\/revisions\/2445"}],"wp:attachment":[{"href":"https:\/\/alternativamendrisio.ch\/index.php\/wp-json\/wp\/v2\/media?parent=379"}],"curies":[{"name":"wp","href":"https:\/\/api.w.org\/{rel}","templated":true}]}}